{"id":16,"date":"2020-04-05T20:51:28","date_gmt":"2020-04-05T20:51:28","guid":{"rendered":"http:\/\/www.oftalgetxo.com\/sitio\/?page_id=16"},"modified":"2023-08-14T20:24:47","modified_gmt":"2023-08-14T20:24:47","slug":"enlaces","status":"publish","type":"page","link":"http:\/\/www.oftalgetxo.com\/sitio\/enlaces\/","title":{"rendered":"Enlaces"},"content":{"rendered":"<p>[et_pb_section fb_built=\u00bb1&#8243; admin_label=\u00bbHero Section\u00bb _builder_version=\u00bb4.4.3&#8243; use_background_color_gradient=\u00bbon\u00bb background_color_gradient_start=\u00bbrgba(255,255,255,0.42)\u00bb background_color_gradient_end=\u00bbrgba(244,240,233,0)\u00bb background_color_gradient_direction=\u00bb90deg\u00bb background_color_gradient_start_position=\u00bb30%\u00bb background_color_gradient_overlays_image=\u00bbon\u00bb background_image=\u00bbhttp:\/\/www.oftalgetxo.com\/sitio\/wp-content\/uploads\/2020\/04\/pincelada_m.png\u00bb custom_margin=\u00bb|||\u00bb custom_padding=\u00bb0px|0px|0px|0px|false|false\u00bb][et_pb_row _builder_version=\u00bb4.4.3&#8243;][et_pb_column type=\u00bb4_4&#8243; _builder_version=\u00bb4.4.3&#8243;][et_pb_text _builder_version=\u00bb4.4.3&#8243; text_font=\u00bbAvenir|500|||||||\u00bb text_font_size=\u00bb33px\u00bb text_line_height=\u00bb2.7em\u00bb]<\/p>\n<p>Enlaces de inter\u00e9s<\/p>\n<p>[\/et_pb_text][\/et_pb_column][\/et_pb_row][\/et_pb_section][et_pb_section fb_built=\u00bb1&#8243; _builder_version=\u00bb4.4.3&#8243;][et_pb_row column_structure=\u00bb1_2,1_2&#8243; _builder_version=\u00bb4.4.3&#8243;][et_pb_column type=\u00bb1_2&#8243; _builder_version=\u00bb4.4.3&#8243;][et_pb_image src=\u00bbhttp:\/\/www.oftalgetxo.com\/sitio\/wp-content\/uploads\/2020\/04\/sociedad-espan\u0303ola-oftalmologia-1.png\u00bb url=\u00bbhttps:\/\/www.oftalmoseo.com\u00bb url_new_window=\u00bbon\u00bb align=\u00bbcenter\u00bb _builder_version=\u00bb4.4.3&#8243;][\/et_pb_image][et_pb_text _builder_version=\u00bb4.4.3&#8243;]<\/p>\n<p style=\"text-align: center;\"><span>Informaci\u00f3n para pacientes y profesionales<\/span><\/p>\n<p>[\/et_pb_text][\/et_pb_column][et_pb_column type=\u00bb1_2&#8243; _builder_version=\u00bb4.4.3&#8243;][et_pb_image src=\u00bbhttp:\/\/www.oftalgetxo.com\/sitio\/wp-content\/uploads\/2020\/04\/EyeWiki_Logo-1.png\u00bb url=\u00bbhttps:\/\/eyewiki.org\/Main_Page\u00bb url_new_window=\u00bbon\u00bb align=\u00bbcenter\u00bb _builder_version=\u00bb4.4.3&#8243; width=\u00bb84%\u00bb][\/et_pb_image][et_pb_text _builder_version=\u00bb4.4.3&#8243;]<\/p>\n<p style=\"text-align: center;\">Enciclopedia Oftalmol\u00f3gica<\/p>\n<p>[\/et_pb_text][\/et_pb_column][\/et_pb_row][\/et_pb_section][et_pb_section fb_built=\u00bb1&#8243; admin_label=\u00bbPromo Banner\u00bb _builder_version=\u00bb4.4.3&#8243; background_color=\u00bb#b3b3b3&#8243; custom_padding=\u00bb0px|0px|0px|0px\u00bb][et_pb_row _builder_version=\u00bb3.25&#8243;][et_pb_column type=\u00bb4_4&#8243; _builder_version=\u00bb3.25&#8243; custom_padding=\u00bb|||\u00bb custom_padding__hover=\u00bb|||\u00bb][\/et_pb_column][\/et_pb_row][\/et_pb_section][et_pb_section fb_built=\u00bb1&#8243; _builder_version=\u00bb4.4.3&#8243;][et_pb_row _builder_version=\u00bb4.4.3&#8243;][et_pb_column type=\u00bb4_4&#8243; _builder_version=\u00bb4.4.3&#8243;][et_pb_text _builder_version=\u00bb4.4.3&#8243; text_font=\u00bbAvenir||||||||\u00bb text_font_size=\u00bb35px\u00bb]<\/p>\n<p style=\"text-align: center;\"><strong>Aseguradoras con las que trabajamos<\/strong><\/p>\n<p>[\/et_pb_text][\/et_pb_column][\/et_pb_row][et_pb_row column_structure=\u00bb1_3,1_3,1_3&#8243; _builder_version=\u00bb4.4.3&#8243;][et_pb_column type=\u00bb1_3&#8243; _builder_version=\u00bb4.4.3&#8243;][et_pb_image src=\u00bbhttp:\/\/www.oftalgetxo.com\/sitio\/wp-content\/uploads\/2020\/04\/lagun-aro.png\u00bb _builder_version=\u00bb4.4.3&#8243;][\/et_pb_image][\/et_pb_column][et_pb_column type=\u00bb1_3&#8243; _builder_version=\u00bb4.4.3&#8243;][et_pb_image src=\u00bbhttp:\/\/www.oftalgetxo.com\/sitio\/wp-content\/uploads\/2020\/04\/imq-logo-1.png\u00bb _builder_version=\u00bb4.4.3&#8243;][\/et_pb_image][\/et_pb_column][et_pb_column type=\u00bb1_3&#8243; _builder_version=\u00bb4.4.3&#8243;][et_pb_image src=\u00bbhttp:\/\/www.oftalgetxo.com\/sitio\/wp-content\/uploads\/2020\/04\/sanitas-1.png\u00bb _builder_version=\u00bb4.4.3&#8243;][\/et_pb_image][\/et_pb_column][\/et_pb_row][\/et_pb_section][et_pb_section fb_built=\u00bb1&#8243; _builder_version=\u00bb4.4.3&#8243; top_divider_style=\u00bbwaves2&#8243; top_divider_color=\u00bb#e5e5e5&#8243;][\/et_pb_section][et_pb_section fb_built=\u00bb1&#8243; admin_label=\u00bbFooter Section\u00bb _builder_version=\u00bb4.4.3&#8243; background_image=\u00bbhttp:\/\/www.oftalgetxo.com\/sitio\/wp-content\/uploads\/2020\/04\/pincelada_m.png\u00bb background_size=\u00bbcontain\u00bb background_position=\u00bbbottom_center\u00bb custom_margin=\u00bb-98px|||||\u00bb custom_padding=\u00bb110px||110px|\u00bb][et_pb_row column_structure=\u00bb1_3,2_3&#8243; admin_label=\u00bbFooter Area\u00bb _builder_version=\u00bb3.25&#8243; locked=\u00bboff\u00bb][et_pb_column type=\u00bb1_3&#8243; _builder_version=\u00bb3.25&#8243; custom_padding=\u00bb|||\u00bb custom_padding__hover=\u00bb|||\u00bb][et_pb_text admin_label=\u00bbTitle\u00bb _builder_version=\u00bb4.4.3&#8243; text_font=\u00bbAvenir||||||||\u00bb header_font=\u00bb||||||||\u00bb header_2_font=\u00bbAlice||||||||\u00bb header_2_font_size=\u00bb36px\u00bb animation_style=\u00bbfold\u00bb animation_direction=\u00bbleft\u00bb animation_intensity_fold=\u00bb20%\u00bb animation_starting_opacity=\u00bb100%\u00bb inline_fonts=\u00bbAvenir\u00bb]<\/p>\n<h2><strong><span style=\"font-family: Avenir;\">Ubicaci\u00f3n<\/span><\/strong><\/h2>\n<p>[\/et_pb_text][et_pb_blurb image=\u00bbhttp:\/\/www.oftalgetxo.com\/sitio\/wp-content\/uploads\/2020\/04\/ubicacion-1.png\u00bb icon_placement=\u00bbleft\u00bb admin_label=\u00bbAddress\u00bb _builder_version=\u00bb4.4.3&#8243; header_font=\u00bb|600|||||||\u00bb header_font_size=\u00bb16px\u00bb header_line_height=\u00bb1.8em\u00bb body_font=\u00bb||||||||\u00bb body_text_align=\u00bbleft\u00bb body_font_size=\u00bb16px\u00bb body_line_height=\u00bb1.5em\u00bb animation_style=\u00bbfold\u00bb animation_direction=\u00bbleft\u00bb animation_intensity_fold=\u00bb20%\u00bb animation_starting_opacity=\u00bb100%\u00bb]<\/p>\n<p>Calle Mayor, 31 \u2013 1\u00ba. 48930 Las Arenas (Getxo)<\/p>\n<p>[\/et_pb_blurb][et_pb_blurb image=\u00bbhttp:\/\/www.oftalgetxo.com\/sitio\/wp-content\/uploads\/2020\/04\/metroBilbao.png\u00bb icon_placement=\u00bbleft\u00bb admin_label=\u00bbAddress\u00bb _builder_version=\u00bb4.4.3&#8243; header_font=\u00bb|600|||||||\u00bb header_font_size=\u00bb16px\u00bb header_line_height=\u00bb1.8em\u00bb body_font=\u00bb||||||||\u00bb body_text_align=\u00bbleft\u00bb body_font_size=\u00bb16px\u00bb body_line_height=\u00bb1.5em\u00bb animation_style=\u00bbfold\u00bb animation_direction=\u00bbleft\u00bb animation_intensity_fold=\u00bb20%\u00bb animation_starting_opacity=\u00bb100%\u00bb]<\/p>\n<p>Metro: L\u00ednea 1, Areeta\u00a0\/ Las Arenas<\/p>\n<p>[\/et_pb_blurb][et_pb_blurb image=\u00bbhttp:\/\/www.oftalgetxo.com\/sitio\/wp-content\/uploads\/2020\/04\/parking-1.png\u00bb icon_placement=\u00bbleft\u00bb admin_label=\u00bbAddress\u00bb _builder_version=\u00bb4.4.3&#8243; header_font=\u00bb|600|||||||\u00bb header_font_size=\u00bb16px\u00bb header_line_height=\u00bb1.8em\u00bb body_font=\u00bb||||||||\u00bb body_text_align=\u00bbleft\u00bb body_font_size=\u00bb16px\u00bb body_line_height=\u00bb1.5em\u00bb custom_margin=\u00bb0px||||false|false\u00bb animation_style=\u00bbfold\u00bb animation_direction=\u00bbleft\u00bb animation_intensity_fold=\u00bb20%\u00bb animation_starting_opacity=\u00bb100%\u00bb]<\/p>\n<p>Parking: Areeta \/ Las Arenas<\/p>\n<p>[\/et_pb_blurb][et_pb_blurb image=\u00bbhttp:\/\/www.oftalgetxo.com\/sitio\/wp-content\/uploads\/2020\/04\/telefono-1.png\u00bb icon_placement=\u00bbleft\u00bb admin_label=\u00bbAddress\u00bb _builder_version=\u00bb4.4.3&#8243; header_font=\u00bb|600|||||||\u00bb header_font_size=\u00bb16px\u00bb header_line_height=\u00bb1.8em\u00bb body_font=\u00bb||||||||\u00bb body_text_align=\u00bbleft\u00bb body_font_size=\u00bb16px\u00bb body_line_height=\u00bb1em\u00bb animation_style=\u00bbfold\u00bb animation_direction=\u00bbleft\u00bb animation_intensity_fold=\u00bb20%\u00bb animation_starting_opacity=\u00bb100%\u00bb hover_enabled=\u00bb0&#8243;]<a href=\"tel:+34 944 80 26 43\" rel=\"nofollow\">+34944802643<\/a><\/p>\n<p><a href=\"tel:+34 630 79 42 24\" rel=\"nofollow\">+34630794224<\/a>[\/et_pb_blurb][et_pb_blurb image=\u00bbhttp:\/\/www.oftalgetxo.com\/sitio\/wp-content\/uploads\/2020\/04\/mail-1.png\u00bb icon_placement=\u00bbleft\u00bb admin_label=\u00bbAddress\u00bb _builder_version=\u00bb4.4.3&#8243; header_font=\u00bb|600|||||||\u00bb header_font_size=\u00bb16px\u00bb header_line_height=\u00bb1.8em\u00bb body_font=\u00bb||||||||\u00bb body_text_align=\u00bbleft\u00bb body_font_size=\u00bb16px\u00bb body_line_height=\u00bb1em\u00bb animation_style=\u00bbfold\u00bb animation_direction=\u00bbleft\u00bb animation_intensity_fold=\u00bb20%\u00bb animation_starting_opacity=\u00bb100%\u00bb]<\/p>\n<p>clinicaoftalgetxo@gmail.com<\/p>\n<p>[\/et_pb_blurb][\/et_pb_column][et_pb_column type=\u00bb2_3&#8243; _builder_version=\u00bb3.25&#8243; custom_padding=\u00bb|||\u00bb custom_padding__hover=\u00bb|||\u00bb][et_pb_contact_form captcha=\u00bboff\u00bb email=\u00bbclinicaoftalgetxo@gmail.com\u00bb title=\u00bbSolicitud de cita\u00bb success_message=\u00bbSu mensaje ha sido enviado con \u00e9xito, gracias.\u00bb submit_button_text=\u00bbEnviar\u00bb module_id=\u00bbet_pb_contact_form_0&#8243; _builder_version=\u00bb4.4.3&#8243; form_field_background_color=\u00bbrgba(255,255,255,0)\u00bb title_font=\u00bbAvenir|600|||||||\u00bb title_text_color=\u00bb#00bbb4&#8243; title_font_size=\u00bb36px\u00bb form_field_font=\u00bb||||||||\u00bb form_field_font_size=\u00bb16px\u00bb custom_button=\u00bbon\u00bb button_text_size=\u00bb14px\u00bb button_text_color=\u00bb#ffffff\u00bb button_bg_color=\u00bb#00bbb4&#8243; button_border_width=\u00bb12px\u00bb button_border_color=\u00bbrgba(0,0,0,0)\u00bb button_border_radius=\u00bb30px\u00bb button_letter_spacing=\u00bb2px\u00bb button_font=\u00bbPoppins|600||on|||||\u00bb button_use_icon=\u00bboff\u00bb animation_style=\u00bbfade\u00bb border_width_all=\u00bb1px\u00bb border_color_all=\u00bbrgba(0,0,0,0.12)\u00bb form_background_color=\u00bbrgba(255,255,255,0)\u00bb button_text_color_hover=\u00bb#2a2a2a\u00bb button_bg_color_hover=\u00bb#e0c588&#8243; button_border_color_hover=\u00bb#e0c588&#8243; button_border_radius_hover=\u00bb30px\u00bb button_letter_spacing_hover=\u00bb2px\u00bb][et_pb_contact_field field_id=\u00bbNombre_y_Apellidos\u00bb field_title=\u00bbNombre y Apellidos\u00bb fullwidth_field=\u00bbon\u00bb _builder_version=\u00bb4.4.3&#8243; button_text_size__hover_enabled=\u00bboff\u00bb button_one_text_size__hover_enabled=\u00bboff\u00bb button_two_text_size__hover_enabled=\u00bboff\u00bb button_text_color__hover_enabled=\u00bboff\u00bb button_one_text_color__hover_enabled=\u00bboff\u00bb button_two_text_color__hover_enabled=\u00bboff\u00bb button_border_width__hover_enabled=\u00bboff\u00bb button_one_border_width__hover_enabled=\u00bboff\u00bb button_two_border_width__hover_enabled=\u00bboff\u00bb button_border_color__hover_enabled=\u00bboff\u00bb button_one_border_color__hover_enabled=\u00bboff\u00bb button_two_border_color__hover_enabled=\u00bboff\u00bb button_border_radius__hover_enabled=\u00bboff\u00bb button_one_border_radius__hover_enabled=\u00bboff\u00bb button_two_border_radius__hover_enabled=\u00bboff\u00bb button_letter_spacing__hover_enabled=\u00bboff\u00bb button_one_letter_spacing__hover_enabled=\u00bboff\u00bb button_two_letter_spacing__hover_enabled=\u00bboff\u00bb button_bg_color__hover_enabled=\u00bboff\u00bb button_one_bg_color__hover_enabled=\u00bboff\u00bb button_two_bg_color__hover_enabled=\u00bboff\u00bb][\/et_pb_contact_field][et_pb_contact_field field_id=\u00bbTel\u00e9fono\u00bb field_title=\u00bbTel\u00e9fono\u00bb _builder_version=\u00bb4.4.3&#8243; form_field_font=\u00bb||||||||\u00bb button_text_size__hover_enabled=\u00bboff\u00bb button_one_text_size__hover_enabled=\u00bboff\u00bb button_two_text_size__hover_enabled=\u00bboff\u00bb button_text_color__hover_enabled=\u00bboff\u00bb button_one_text_color__hover_enabled=\u00bboff\u00bb button_two_text_color__hover_enabled=\u00bboff\u00bb button_border_width__hover_enabled=\u00bboff\u00bb button_one_border_width__hover_enabled=\u00bboff\u00bb button_two_border_width__hover_enabled=\u00bboff\u00bb button_border_color__hover_enabled=\u00bboff\u00bb button_one_border_color__hover_enabled=\u00bboff\u00bb button_two_border_color__hover_enabled=\u00bboff\u00bb button_border_radius__hover_enabled=\u00bboff\u00bb button_one_border_radius__hover_enabled=\u00bboff\u00bb button_two_border_radius__hover_enabled=\u00bboff\u00bb button_letter_spacing__hover_enabled=\u00bboff\u00bb button_one_letter_spacing__hover_enabled=\u00bboff\u00bb button_two_letter_spacing__hover_enabled=\u00bboff\u00bb button_bg_color__hover_enabled=\u00bboff\u00bb button_one_bg_color__hover_enabled=\u00bboff\u00bb button_two_bg_color__hover_enabled=\u00bboff\u00bb][\/et_pb_contact_field][et_pb_contact_field field_id=\u00bbCorreo_Electr\u00f3nico\u00bb field_title=\u00bbCorreo Electr\u00f3nico\u00bb field_type=\u00bbemail\u00bb _builder_version=\u00bb4.4.3&#8243; button_text_size__hover_enabled=\u00bboff\u00bb button_one_text_size__hover_enabled=\u00bboff\u00bb button_two_text_size__hover_enabled=\u00bboff\u00bb button_text_color__hover_enabled=\u00bboff\u00bb button_one_text_color__hover_enabled=\u00bboff\u00bb button_two_text_color__hover_enabled=\u00bboff\u00bb button_border_width__hover_enabled=\u00bboff\u00bb button_one_border_width__hover_enabled=\u00bboff\u00bb button_two_border_width__hover_enabled=\u00bboff\u00bb button_border_color__hover_enabled=\u00bboff\u00bb button_one_border_color__hover_enabled=\u00bboff\u00bb button_two_border_color__hover_enabled=\u00bboff\u00bb button_border_radius__hover_enabled=\u00bboff\u00bb button_one_border_radius__hover_enabled=\u00bboff\u00bb button_two_border_radius__hover_enabled=\u00bboff\u00bb button_letter_spacing__hover_enabled=\u00bboff\u00bb button_one_letter_spacing__hover_enabled=\u00bboff\u00bb button_two_letter_spacing__hover_enabled=\u00bboff\u00bb button_bg_color__hover_enabled=\u00bboff\u00bb button_one_bg_color__hover_enabled=\u00bboff\u00bb button_two_bg_color__hover_enabled=\u00bboff\u00bb][\/et_pb_contact_field][et_pb_contact_field field_id=\u00bbComentarios\u00bb field_title=\u00bbComentarios\u00bb field_type=\u00bbtext\u00bb fullwidth_field=\u00bbon\u00bb _builder_version=\u00bb4.4.3&#8243; button_text_size__hover_enabled=\u00bboff\u00bb button_one_text_size__hover_enabled=\u00bboff\u00bb button_two_text_size__hover_enabled=\u00bboff\u00bb button_text_color__hover_enabled=\u00bboff\u00bb button_one_text_color__hover_enabled=\u00bboff\u00bb button_two_text_color__hover_enabled=\u00bboff\u00bb button_border_width__hover_enabled=\u00bboff\u00bb button_one_border_width__hover_enabled=\u00bboff\u00bb button_two_border_width__hover_enabled=\u00bboff\u00bb button_border_color__hover_enabled=\u00bboff\u00bb button_one_border_color__hover_enabled=\u00bboff\u00bb button_two_border_color__hover_enabled=\u00bboff\u00bb button_border_radius__hover_enabled=\u00bboff\u00bb button_one_border_radius__hover_enabled=\u00bboff\u00bb button_two_border_radius__hover_enabled=\u00bboff\u00bb button_letter_spacing__hover_enabled=\u00bboff\u00bb button_one_letter_spacing__hover_enabled=\u00bboff\u00bb button_two_letter_spacing__hover_enabled=\u00bboff\u00bb button_bg_color__hover_enabled=\u00bboff\u00bb button_one_bg_color__hover_enabled=\u00bboff\u00bb button_two_bg_color__hover_enabled=\u00bboff\u00bb][\/et_pb_contact_field][et_pb_contact_field field_id=\u00bbAcepto_t\u00e9rminos_y_condiciones\u00bb field_title=\u00bbAviso Legal\u00bb field_type=\u00bbcheckbox\u00bb checkbox_options=\u00bb%91{%22value%22:%22Acepto T\u00e9rminos y condiciones \/%22,%22checked%22:0,%22dragID%22:-1,%22link_url%22:%22http:\/\/www.oftalgetxo.com\/sitio\/aviso-legal\/%22,%22link_text%22:%22Pol\u00edticas de Privacidad%22}%93&#8243; fullwidth_field=\u00bbon\u00bb _builder_version=\u00bb4.4.3&#8243;][\/et_pb_contact_field][\/et_pb_contact_form][\/et_pb_column][\/et_pb_row][\/et_pb_section]<\/p>\n","protected":false},"excerpt":{"rendered":"<p>Enlaces de inter\u00e9sInformaci\u00f3n para pacientes y profesionalesEnciclopedia Oftalmol\u00f3gicaAseguradoras con las que trabajamosUbicaci\u00f3nCalle Mayor, 31 \u2013 1\u00ba. 48930 Las Arenas (Getxo)Metro: L\u00ednea 1, Areeta\u00a0\/ Las ArenasParking: Areeta \/ Las Arenas+34944802643 +34630794224clinicaoftalgetxo@gmail.com<\/p>\n","protected":false},"author":1,"featured_media":0,"parent":0,"menu_order":0,"comment_status":"closed","ping_status":"closed","template":"","meta":{"_et_pb_use_builder":"on","_et_pb_old_content":"<!-- wp:divi\/placeholder \/-->","_et_gb_content_width":"","footnotes":""},"_links":{"self":[{"href":"http:\/\/www.oftalgetxo.com\/sitio\/wp-json\/wp\/v2\/pages\/16"}],"collection":[{"href":"http:\/\/www.oftalgetxo.com\/sitio\/wp-json\/wp\/v2\/pages"}],"about":[{"href":"http:\/\/www.oftalgetxo.com\/sitio\/wp-json\/wp\/v2\/types\/page"}],"author":[{"embeddable":true,"href":"http:\/\/www.oftalgetxo.com\/sitio\/wp-json\/wp\/v2\/users\/1"}],"replies":[{"embeddable":true,"href":"http:\/\/www.oftalgetxo.com\/sitio\/wp-json\/wp\/v2\/comments?post=16"}],"version-history":[{"count":26,"href":"http:\/\/www.oftalgetxo.com\/sitio\/wp-json\/wp\/v2\/pages\/16\/revisions"}],"predecessor-version":[{"id":669,"href":"http:\/\/www.oftalgetxo.com\/sitio\/wp-json\/wp\/v2\/pages\/16\/revisions\/669"}],"wp:attachment":[{"href":"http:\/\/www.oftalgetxo.com\/sitio\/wp-json\/wp\/v2\/media?parent=16"}],"curies":[{"name":"wp","href":"https:\/\/api.w.org\/{rel}","templated":true}]}}